{"id":248482,"date":"2022-07-22T19:10:16","date_gmt":"2022-07-22T19:10:16","guid":{"rendered":"https:\/\/medtalentfinder.com\/positions-ouvertes\/"},"modified":"2023-05-19T13:23:42","modified_gmt":"2023-05-19T13:23:42","slug":"positions-ouvertes","status":"publish","type":"page","link":"https:\/\/medtalentfinder.com\/fr\/positions-ouvertes\/","title":{"rendered":"Postes \u00e0 Pourvoir"},"content":{"rendered":"\n\n[et_pb_section admin_label=&#8221;section&#8221;]\n\t\t\t[et_pb_row admin_label=&#8221;row&#8221;]\n\t\t\t\t[et_pb_column type=&#8221;4_4&#8243;][et_pb_text admin_label=&#8221;Text&#8221;][\/et_pb_text][\/et_pb_column]\n\t\t\t[\/et_pb_row]\n\t\t[\/et_pb_section]\n\n","protected":false},"excerpt":{"rendered":"","protected":false},"author":1,"featured_media":248150,"parent":0,"menu_order":0,"comment_status":"closed","ping_status":"closed","template":"","meta":{"_acf_changed":false,"_et_pb_use_builder":"on","_et_pb_old_content":"","_et_gb_content_width":"","inline_featured_image":false,"footnotes":""},"class_list":["post-248482","page","type-page","status-publish","has-post-thumbnail","hentry"],"acf":[],"yoast_head":"<!-- This site is optimized with the Yoast SEO plugin v27.4 - https:\/\/yoast.com\/product\/yoast-seo-wordpress\/ -->\n<title>Postes \u00e0 Pourvoir - Med Talent<\/title>\n<meta name=\"description\" content=\"Consultez les derni\u00e8res offres d&#039;emploi de Med Talent pour des postes de direction dans les domaines de la technologie m\u00e9dicale, de l&#039;esth\u00e9tique, de la pharmacie, de la dermatologie et des soins dentaires.\" \/>\n<meta name=\"robots\" content=\"index, follow, max-snippet:-1, max-image-preview:large, max-video-preview:-1\" \/>\n<link rel=\"canonical\" href=\"https:\/\/medtalentfinder.com\/fr\/positions-ouvertes\/\" \/>\n<meta property=\"og:locale\" content=\"fr_FR\" \/>\n<meta property=\"og:type\" content=\"article\" \/>\n<meta property=\"og:title\" content=\"Postes \u00e0 Pourvoir - Med Talent\" \/>\n<meta property=\"og:description\" content=\"Consultez les derni\u00e8res offres d&#039;emploi de Med Talent pour des postes de direction dans les domaines de la technologie m\u00e9dicale, de l&#039;esth\u00e9tique, de la pharmacie, de la dermatologie et des soins dentaires.\" \/>\n<meta property=\"og:url\" content=\"https:\/\/medtalentfinder.com\/fr\/positions-ouvertes\/\" \/>\n<meta property=\"og:site_name\" content=\"Med Talent\" \/>\n<meta property=\"article:modified_time\" content=\"2023-05-19T13:23:42+00:00\" \/>\n<meta name=\"twitter:card\" content=\"summary_large_image\" \/>\n<script type=\"application\/ld+json\" class=\"yoast-schema-graph\">{\"@context\":\"https:\\\/\\\/schema.org\",\"@graph\":[{\"@type\":\"WebPage\",\"@id\":\"https:\\\/\\\/medtalentfinder.com\\\/fr\\\/positions-ouvertes\\\/\",\"url\":\"https:\\\/\\\/medtalentfinder.com\\\/fr\\\/positions-ouvertes\\\/\",\"name\":\"Postes \u00e0 Pourvoir - Med Talent\",\"isPartOf\":{\"@id\":\"https:\\\/\\\/medtalentfinder.com\\\/fr\\\/#website\"},\"primaryImageOfPage\":{\"@id\":\"https:\\\/\\\/medtalentfinder.com\\\/fr\\\/positions-ouvertes\\\/#primaryimage\"},\"image\":{\"@id\":\"https:\\\/\\\/medtalentfinder.com\\\/fr\\\/positions-ouvertes\\\/#primaryimage\"},\"thumbnailUrl\":\"https:\\\/\\\/medtalentfinder.com\\\/wp-content\\\/uploads\\\/2022\\\/07\\\/Group-184.svg\",\"datePublished\":\"2022-07-22T19:10:16+00:00\",\"dateModified\":\"2023-05-19T13:23:42+00:00\",\"description\":\"Consultez les derni\u00e8res offres d'emploi de Med Talent pour des postes de direction dans les domaines de la technologie m\u00e9dicale, de l'esth\u00e9tique, de la pharmacie, de la dermatologie et des soins dentaires.\",\"breadcrumb\":{\"@id\":\"https:\\\/\\\/medtalentfinder.com\\\/fr\\\/positions-ouvertes\\\/#breadcrumb\"},\"inLanguage\":\"fr-FR\",\"potentialAction\":[{\"@type\":\"ReadAction\",\"target\":[\"https:\\\/\\\/medtalentfinder.com\\\/fr\\\/positions-ouvertes\\\/\"]}]},{\"@type\":\"ImageObject\",\"inLanguage\":\"fr-FR\",\"@id\":\"https:\\\/\\\/medtalentfinder.com\\\/fr\\\/positions-ouvertes\\\/#primaryimage\",\"url\":\"https:\\\/\\\/medtalentfinder.com\\\/wp-content\\\/uploads\\\/2022\\\/07\\\/Group-184.svg\",\"contentUrl\":\"https:\\\/\\\/medtalentfinder.com\\\/wp-content\\\/uploads\\\/2022\\\/07\\\/Group-184.svg\",\"width\":182,\"height\":114},{\"@type\":\"BreadcrumbList\",\"@id\":\"https:\\\/\\\/medtalentfinder.com\\\/fr\\\/positions-ouvertes\\\/#breadcrumb\",\"itemListElement\":[{\"@type\":\"ListItem\",\"position\":1,\"name\":\"Home\",\"item\":\"https:\\\/\\\/medtalentfinder.com\\\/fr\\\/\"},{\"@type\":\"ListItem\",\"position\":2,\"name\":\"Postes \u00e0 Pourvoir\"}]},{\"@type\":\"WebSite\",\"@id\":\"https:\\\/\\\/medtalentfinder.com\\\/fr\\\/#website\",\"url\":\"https:\\\/\\\/medtalentfinder.com\\\/fr\\\/\",\"name\":\"Med Talent\",\"description\":\"Specialized executive search firm for MedTech, Aesthetics, Pharma, Dermatology and Dental\",\"potentialAction\":[{\"@type\":\"SearchAction\",\"target\":{\"@type\":\"EntryPoint\",\"urlTemplate\":\"https:\\\/\\\/medtalentfinder.com\\\/fr\\\/?s={search_term_string}\"},\"query-input\":{\"@type\":\"PropertyValueSpecification\",\"valueRequired\":true,\"valueName\":\"search_term_string\"}}],\"inLanguage\":\"fr-FR\"}]}<\/script>\n<!-- \/ Yoast SEO plugin. -->","yoast_head_json":{"title":"Postes \u00e0 Pourvoir - Med Talent","description":"Consultez les derni\u00e8res offres d'emploi de Med Talent pour des postes de direction dans les domaines de la technologie m\u00e9dicale, de l'esth\u00e9tique, de la pharmacie, de la dermatologie et des soins dentaires.","robots":{"index":"index","follow":"follow","max-snippet":"max-snippet:-1","max-image-preview":"max-image-preview:large","max-video-preview":"max-video-preview:-1"},"canonical":"https:\/\/medtalentfinder.com\/fr\/positions-ouvertes\/","og_locale":"fr_FR","og_type":"article","og_title":"Postes \u00e0 Pourvoir - Med Talent","og_description":"Consultez les derni\u00e8res offres d'emploi de Med Talent pour des postes de direction dans les domaines de la technologie m\u00e9dicale, de l'esth\u00e9tique, de la pharmacie, de la dermatologie et des soins dentaires.","og_url":"https:\/\/medtalentfinder.com\/fr\/positions-ouvertes\/","og_site_name":"Med Talent","article_modified_time":"2023-05-19T13:23:42+00:00","twitter_card":"summary_large_image","schema":{"@context":"https:\/\/schema.org","@graph":[{"@type":"WebPage","@id":"https:\/\/medtalentfinder.com\/fr\/positions-ouvertes\/","url":"https:\/\/medtalentfinder.com\/fr\/positions-ouvertes\/","name":"Postes \u00e0 Pourvoir - Med Talent","isPartOf":{"@id":"https:\/\/medtalentfinder.com\/fr\/#website"},"primaryImageOfPage":{"@id":"https:\/\/medtalentfinder.com\/fr\/positions-ouvertes\/#primaryimage"},"image":{"@id":"https:\/\/medtalentfinder.com\/fr\/positions-ouvertes\/#primaryimage"},"thumbnailUrl":"https:\/\/medtalentfinder.com\/wp-content\/uploads\/2022\/07\/Group-184.svg","datePublished":"2022-07-22T19:10:16+00:00","dateModified":"2023-05-19T13:23:42+00:00","description":"Consultez les derni\u00e8res offres d'emploi de Med Talent pour des postes de direction dans les domaines de la technologie m\u00e9dicale, de l'esth\u00e9tique, de la pharmacie, de la dermatologie et des soins dentaires.","breadcrumb":{"@id":"https:\/\/medtalentfinder.com\/fr\/positions-ouvertes\/#breadcrumb"},"inLanguage":"fr-FR","potentialAction":[{"@type":"ReadAction","target":["https:\/\/medtalentfinder.com\/fr\/positions-ouvertes\/"]}]},{"@type":"ImageObject","inLanguage":"fr-FR","@id":"https:\/\/medtalentfinder.com\/fr\/positions-ouvertes\/#primaryimage","url":"https:\/\/medtalentfinder.com\/wp-content\/uploads\/2022\/07\/Group-184.svg","contentUrl":"https:\/\/medtalentfinder.com\/wp-content\/uploads\/2022\/07\/Group-184.svg","width":182,"height":114},{"@type":"BreadcrumbList","@id":"https:\/\/medtalentfinder.com\/fr\/positions-ouvertes\/#breadcrumb","itemListElement":[{"@type":"ListItem","position":1,"name":"Home","item":"https:\/\/medtalentfinder.com\/fr\/"},{"@type":"ListItem","position":2,"name":"Postes \u00e0 Pourvoir"}]},{"@type":"WebSite","@id":"https:\/\/medtalentfinder.com\/fr\/#website","url":"https:\/\/medtalentfinder.com\/fr\/","name":"Med Talent","description":"Specialized executive search firm for MedTech, Aesthetics, Pharma, Dermatology and Dental","potentialAction":[{"@type":"SearchAction","target":{"@type":"EntryPoint","urlTemplate":"https:\/\/medtalentfinder.com\/fr\/?s={search_term_string}"},"query-input":{"@type":"PropertyValueSpecification","valueRequired":true,"valueName":"search_term_string"}}],"inLanguage":"fr-FR"}]}},"_links":{"self":[{"href":"https:\/\/medtalentfinder.com\/fr\/wp-json\/wp\/v2\/pages\/248482","targetHints":{"allow":["GET"]}}],"collection":[{"href":"https:\/\/medtalentfinder.com\/fr\/wp-json\/wp\/v2\/pages"}],"about":[{"href":"https:\/\/medtalentfinder.com\/fr\/wp-json\/wp\/v2\/types\/page"}],"author":[{"embeddable":true,"href":"https:\/\/medtalentfinder.com\/fr\/wp-json\/wp\/v2\/users\/1"}],"replies":[{"embeddable":true,"href":"https:\/\/medtalentfinder.com\/fr\/wp-json\/wp\/v2\/comments?post=248482"}],"version-history":[{"count":3,"href":"https:\/\/medtalentfinder.com\/fr\/wp-json\/wp\/v2\/pages\/248482\/revisions"}],"predecessor-version":[{"id":248556,"href":"https:\/\/medtalentfinder.com\/fr\/wp-json\/wp\/v2\/pages\/248482\/revisions\/248556"}],"wp:featuredmedia":[{"embeddable":true,"href":"https:\/\/medtalentfinder.com\/fr\/wp-json\/wp\/v2\/media\/248150"}],"wp:attachment":[{"href":"https:\/\/medtalentfinder.com\/fr\/wp-json\/wp\/v2\/media?parent=248482"}],"curies":[{"name":"wp","href":"https:\/\/api.w.org\/{rel}","templated":true}]}}